{"id":39,"date":"2026-01-23T07:42:41","date_gmt":"2026-01-23T07:42:41","guid":{"rendered":"https:\/\/cleanify.hu\/?page_id=39"},"modified":"2026-01-26T16:08:41","modified_gmt":"2026-01-26T16:08:41","slug":"fooldal","status":"publish","type":"page","link":"https:\/\/cleanify.hu\/","title":{"rendered":"F\u0151oldal"},"content":{"rendered":"\t\t<div data-elementor-type=\"wp-page\" data-elementor-id=\"39\" class=\"elementor elementor-39\" data-elementor-post-type=\"page\">\n\t\t\t\t<div class=\"elementor-element elementor-element-8f97662 e-flex e-con-boxed e-con e-parent\" data-id=\"8f97662\" data-element_type=\"container\" data-settings=\"{&quot;background_background&quot;:&quot;classic&quot;}\">\n\t\t\t\t\t<div class=\"e-con-inner\">\n\t\t\t\t<div class=\"elementor-element elementor-element-be06ad0 elementor-widget elementor-widget-image\" data-id=\"be06ad0\" data-element_type=\"widget\" data-widget_type=\"image.default\">\n\t\t\t\t\t\t\t\t\t\t\t\t\t\t\t<img fetchpriority=\"high\" decoding=\"async\" width=\"800\" height=\"605\" src=\"https:\/\/cleanify.hu\/wp-content\/uploads\/2026\/01\/Cleanify-logo-1024x775.png\" class=\"attachment-large size-large wp-image-104\" alt=\"\" srcset=\"https:\/\/cleanify.hu\/wp-content\/uploads\/2026\/01\/Cleanify-logo-1024x775.png 1024w, https:\/\/cleanify.hu\/wp-content\/uploads\/2026\/01\/Cleanify-logo-300x227.png 300w, https:\/\/cleanify.hu\/wp-content\/uploads\/2026\/01\/Cleanify-logo-768x581.png 768w, https:\/\/cleanify.hu\/wp-content\/uploads\/2026\/01\/Cleanify-logo-1536x1162.png 1536w, https:\/\/cleanify.hu\/wp-content\/uploads\/2026\/01\/Cleanify-logo-2048x1550.png 2048w\" sizes=\"(max-width: 800px) 100vw, 800px\" \/>\t\t\t\t\t\t\t\t\t\t\t\t\t\t\t<\/div>\n\t\t\t\t\t<\/div>\n\t\t\t\t<\/div>\n\t\t<div class=\"elementor-element elementor-element-88be66b e-flex e-con-boxed e-con e-parent\" data-id=\"88be66b\" data-element_type=\"container\" data-settings=\"{&quot;background_background&quot;:&quot;classic&quot;}\">\n\t\t\t\t\t<div class=\"e-con-inner\">\n\t\t\t\t<div class=\"elementor-element elementor-element-7ce5676 elementor-widget elementor-widget-heading\" data-id=\"7ce5676\" data-element_type=\"widget\" data-widget_type=\"heading.default\">\n\t\t\t\t\t<h1 class=\"elementor-heading-title elementor-size-default\">Kik vagyunk?<\/h1>\t\t\t\t<\/div>\n\t\t\t\t<div class=\"elementor-element elementor-element-a64cf2a elementor-widget elementor-widget-text-editor\" data-id=\"a64cf2a\" data-element_type=\"widget\" data-widget_type=\"text-editor.default\">\n\t\t\t\t\t\t\t\t\t<p>A Cleanify egy \u00fajonnan l\u00e9trej\u00f6tt kecskem\u00e9ti sz\u00e9khely\u0171 mobil takar\u00edt\u00f3c\u00e9g, amely a fiatalos \u00e9s lend\u00fcletes menedzsmentj\u00e9nek k\u00f6sz\u00f6nhet\u0151en a modernkori sz\u00ednvonalat \u00e9s k\u00e9nyelmet ny\u00fajtja m\u00e1r a takar\u00edt\u00f3 iparban is.<\/p><p>Nemcsak a port, hanem a r\u00e9gi takar\u00edt\u00e1si sztereot\u00edpi\u00e1kat is elt\u00fcntetj\u00fck. Szenved\u00e9ly\u00fcnk a tisztas\u00e1g, k\u00fcldet\u00e9s\u00fcnk pedig, hogy \u00fcgyfeleink otthon\u00e1t \u00e9s munkahely\u00e9t ragyog\u00f3v\u00e1 var\u00e1zsoljuk \u2013 gyorsan, prec\u00edzen \u00e9s megb\u00edzhat\u00f3an.<\/p>\t\t\t\t\t\t\t\t<\/div>\n\t\t\t\t\t<\/div>\n\t\t\t\t<\/div>\n\t\t<div class=\"elementor-element elementor-element-a23fcc8 e-flex e-con-boxed e-con e-parent\" data-id=\"a23fcc8\" data-element_type=\"container\" id=\"szolgaltatasok\" data-settings=\"{&quot;background_background&quot;:&quot;classic&quot;}\">\n\t\t\t\t\t<div class=\"e-con-inner\">\n\t\t\t\t<div class=\"elementor-element elementor-element-ec93a23 elementor-widget elementor-widget-heading\" data-id=\"ec93a23\" data-element_type=\"widget\" data-widget_type=\"heading.default\">\n\t\t\t\t\t<h1 class=\"elementor-heading-title elementor-size-default\">Szolg\u00e1ltat\u00e1saink<\/h1>\t\t\t\t<\/div>\n\t\t\t\t<div class=\"elementor-element elementor-element-9b91e51 elementor-widget elementor-widget-spacer\" data-id=\"9b91e51\" data-element_type=\"widget\" data-widget_type=\"spacer.default\">\n\t\t\t\t\t\t\t<div class=\"elementor-spacer\">\n\t\t\t<div class=\"elementor-spacer-inner\"><\/div>\n\t\t<\/div>\n\t\t\t\t\t\t<\/div>\n\t\t\t\t\t<\/div>\n\t\t\t\t<\/div>\n\t\t<div class=\"elementor-element elementor-element-ee415ce e-flex e-con-boxed e-con e-parent\" data-id=\"ee415ce\" data-element_type=\"container\">\n\t\t\t\t\t<div class=\"e-con-inner\">\n\t\t<div class=\"elementor-element elementor-element-a3bee87 e-con-full e-flex e-con e-child\" data-id=\"a3bee87\" data-element_type=\"container\">\n\t\t<div class=\"elementor-element elementor-element-67a9f712 e-con-full e-flex e-con e-child\" data-id=\"67a9f712\" data-element_type=\"container\">\n\t\t\t\t<div class=\"elementor-element elementor-element-141d4392 elementor-widget elementor-widget-heading\" data-id=\"141d4392\" data-element_type=\"widget\" data-widget_type=\"heading.default\">\n\t\t\t\t\t<h3 class=\"elementor-heading-title elementor-size-default\">Lakoss\u00e1gi \u00fcgyfeleknek<\/h3>\t\t\t\t<\/div>\n\t\t\t\t<div class=\"elementor-element elementor-element-63489169 elementor-widget elementor-widget-text-editor\" data-id=\"63489169\" data-element_type=\"widget\" data-widget_type=\"text-editor.default\">\n\t\t\t\t\t\t\t\t\t<ul><li>Lak\u00e1s- \u00e9s h\u00e1ztakar\u00edt\u00e1s<\/li><li>Fel\u00faj\u00edt\u00e1s ut\u00e1ni takar\u00edt\u00e1s<\/li><li>Be\/kik\u00f6lt\u00f6z\u00e9s el\u0151tti\/ut\u00e1ni takar\u00edt\u00e1s<\/li><\/ul>\t\t\t\t\t\t\t\t<\/div>\n\t\t\t\t<\/div>\n\t\t<div class=\"elementor-element elementor-element-4683f126 e-con-full e-flex e-con e-child\" data-id=\"4683f126\" data-element_type=\"container\" data-settings=\"{&quot;background_background&quot;:&quot;classic&quot;}\">\n\t\t\t\t<\/div>\n\t\t\t\t<\/div>\n\t\t<div class=\"elementor-element elementor-element-94bb485 e-con-full e-flex e-con e-child\" data-id=\"94bb485\" data-element_type=\"container\">\n\t\t<div class=\"elementor-element elementor-element-abad775 e-con-full e-flex e-con e-child\" data-id=\"abad775\" data-element_type=\"container\" data-settings=\"{&quot;background_background&quot;:&quot;classic&quot;}\">\n\t\t\t\t<\/div>\n\t\t<div class=\"elementor-element elementor-element-7934f2a e-con-full e-flex e-con e-child\" data-id=\"7934f2a\" data-element_type=\"container\">\n\t\t\t\t<div class=\"elementor-element elementor-element-21ad387 elementor-hidden-desktop elementor-hidden-tablet elementor-widget-divider--view-line elementor-widget elementor-widget-divider\" data-id=\"21ad387\" data-element_type=\"widget\" data-widget_type=\"divider.default\">\n\t\t\t\t\t\t\t<div class=\"elementor-divider\">\n\t\t\t<span class=\"elementor-divider-separator\">\n\t\t\t\t\t\t<\/span>\n\t\t<\/div>\n\t\t\t\t\t\t<\/div>\n\t\t\t\t<div class=\"elementor-element elementor-element-0d0261d elementor-widget elementor-widget-heading\" data-id=\"0d0261d\" data-element_type=\"widget\" data-widget_type=\"heading.default\">\n\t\t\t\t\t<h3 class=\"elementor-heading-title elementor-size-default\">V\u00e1llalati \u00fcgyfeleknek\u200b<\/h3>\t\t\t\t<\/div>\n\t\t\t\t<div class=\"elementor-element elementor-element-cd9293b elementor-widget elementor-widget-text-editor\" data-id=\"cd9293b\" data-element_type=\"widget\" data-widget_type=\"text-editor.default\">\n\t\t\t\t\t\t\t\t\t<ul><li>Irodatakar\u00edt\u00e1s<\/li><li>Ipari takar\u00edt\u00e1s<\/li><li>Egyedi megrendel\u00e9sek: El\u0151tt\u00fcnk nincs akad\u00e1ly, b\u00e1rmilyen v\u00e1llalati megkeres\u00e9ssel l\u00e9pjen kapcsolatba vel\u00fcnk.<\/li><\/ul>\t\t\t\t\t\t\t\t<\/div>\n\t\t\t\t<\/div>\n\t\t\t\t<\/div>\n\t\t<div class=\"elementor-element elementor-element-bc48aff e-con-full e-flex e-con e-child\" data-id=\"bc48aff\" data-element_type=\"container\">\n\t\t<div class=\"elementor-element elementor-element-133d0df e-con-full e-flex e-con e-child\" data-id=\"133d0df\" data-element_type=\"container\">\n\t\t\t\t<div class=\"elementor-element elementor-element-b797365 elementor-hidden-desktop elementor-hidden-tablet elementor-widget-divider--view-line elementor-widget elementor-widget-divider\" data-id=\"b797365\" data-element_type=\"widget\" data-widget_type=\"divider.default\">\n\t\t\t\t\t\t\t<div class=\"elementor-divider\">\n\t\t\t<span class=\"elementor-divider-separator\">\n\t\t\t\t\t\t<\/span>\n\t\t<\/div>\n\t\t\t\t\t\t<\/div>\n\t\t\t\t<div class=\"elementor-element elementor-element-1979adb elementor-widget elementor-widget-heading\" data-id=\"1979adb\" data-element_type=\"widget\" data-widget_type=\"heading.default\">\n\t\t\t\t\t<h3 class=\"elementor-heading-title elementor-size-default\">Egy\u00e9b szolg\u00e1ltat\u00e1sok:<\/h3>\t\t\t\t<\/div>\n\t\t\t\t<div class=\"elementor-element elementor-element-61b95ef elementor-widget elementor-widget-text-editor\" data-id=\"61b95ef\" data-element_type=\"widget\" data-widget_type=\"text-editor.default\">\n\t\t\t\t\t\t\t\t\t<p>L\u00e9pcs\u0151h\u00e1zak takar\u00edt\u00e1sa, napelem takar\u00edt\u00e1s, kerti \u00e9s k\u00fclt\u00e9ri takar\u00edt\u00e1s, h\u00e1ztet\u0151<\/p>\t\t\t\t\t\t\t\t<\/div>\n\t\t\t\t<\/div>\n\t\t<div class=\"elementor-element elementor-element-253089c e-con-full e-flex e-con e-child\" data-id=\"253089c\" data-element_type=\"container\" data-settings=\"{&quot;background_background&quot;:&quot;classic&quot;}\">\n\t\t\t\t<\/div>\n\t\t\t\t<\/div>\n\t\t\t\t\t<\/div>\n\t\t\t\t<\/div>\n\t\t<div class=\"elementor-element elementor-element-520e41b2 e-con-full e-flex e-con e-parent\" data-id=\"520e41b2\" data-element_type=\"container\" data-settings=\"{&quot;background_background&quot;:&quot;classic&quot;}\">\n\t\t<div class=\"elementor-element elementor-element-411d270c e-con-full e-flex e-con e-child\" data-id=\"411d270c\" data-element_type=\"container\" data-settings=\"{&quot;background_background&quot;:&quot;classic&quot;}\">\n\t\t\t\t<div class=\"elementor-element elementor-element-2a1cb66b elementor-widget elementor-widget-heading\" data-id=\"2a1cb66b\" data-element_type=\"widget\" data-widget_type=\"heading.default\">\n\t\t\t\t\t<h2 class=\"elementor-heading-title elementor-size-default\">R\u00f3lunk mondt\u00e1k<\/h2>\t\t\t\t<\/div>\n\t\t\t\t<\/div>\n\t\t<div class=\"elementor-element elementor-element-6763b99a e-con-full e-flex e-con e-child\" data-id=\"6763b99a\" data-element_type=\"container\">\n\t\t\t\t<div class=\"elementor-element elementor-element-127abf20 elementor-widget elementor-widget-testimonial\" data-id=\"127abf20\" data-element_type=\"widget\" data-widget_type=\"testimonial.default\">\n\t\t\t\t\t\t\t<div class=\"elementor-testimonial-wrapper\">\n\t\t\t\t\t\t\t<div class=\"elementor-testimonial-content\">\"Lak\u00e1sfel\u00faj\u00edt\u00e1s ut\u00e1ni takar\u00edt\u00e1st k\u00e9rtem, t\u00f6k\u00e9letes lett az eredm\u00e9ny. Nagyon el\u00e9gedett vagyok.\"<\/div>\n\t\t\t\n\t\t\t\t\t\t<div class=\"elementor-testimonial-meta\">\n\t\t\t\t<div class=\"elementor-testimonial-meta-inner\">\n\t\t\t\t\t\n\t\t\t\t\t\t\t\t\t\t<div class=\"elementor-testimonial-details\">\n\t\t\t\t\t\t\t\t\t\t\t\t\t\t<div class=\"elementor-testimonial-name\">Szab\u00f3 Eszter<\/div>\n\t\t\t\t\t\t\t\t\t\t\t\t\t\t\t\t\t\t\t<\/div>\n\t\t\t\t\t\t\t\t\t<\/div>\n\t\t\t<\/div>\n\t\t\t\t\t<\/div>\n\t\t\t\t\t\t<\/div>\n\t\t\t\t<\/div>\n\t\t<div class=\"elementor-element elementor-element-203eeda e-con-full e-flex e-con e-child\" data-id=\"203eeda\" data-element_type=\"container\">\n\t\t\t\t<div class=\"elementor-element elementor-element-4e74a01 elementor-widget elementor-widget-testimonial\" data-id=\"4e74a01\" data-element_type=\"widget\" data-widget_type=\"testimonial.default\">\n\t\t\t\t\t\t\t<div class=\"elementor-testimonial-wrapper\">\n\t\t\t\t\t\t\t<div class=\"elementor-testimonial-content\">\u201eRendszeres takar\u00edt\u00e1st v\u00e9geznek n\u00e1lunk, eddig mindig pontosak \u00e9s prec\u00edzek voltak.\u201d<\/div>\n\t\t\t\n\t\t\t\t\t\t<div class=\"elementor-testimonial-meta\">\n\t\t\t\t<div class=\"elementor-testimonial-meta-inner\">\n\t\t\t\t\t\n\t\t\t\t\t\t\t\t\t\t<div class=\"elementor-testimonial-details\">\n\t\t\t\t\t\t\t\t\t\t\t\t\t\t<div class=\"elementor-testimonial-name\">T\u00f3th L\u00e1szl\u00f3<\/div>\n\t\t\t\t\t\t\t\t\t\t\t\t\t\t\t\t\t\t\t<\/div>\n\t\t\t\t\t\t\t\t\t<\/div>\n\t\t\t<\/div>\n\t\t\t\t\t<\/div>\n\t\t\t\t\t\t<\/div>\n\t\t\t\t<\/div>\n\t\t<div class=\"elementor-element elementor-element-f40c970 e-con-full e-flex e-con e-child\" data-id=\"f40c970\" data-element_type=\"container\">\n\t\t\t\t<div class=\"elementor-element elementor-element-eb1843e elementor-widget elementor-widget-testimonial\" data-id=\"eb1843e\" data-element_type=\"widget\" data-widget_type=\"testimonial.default\">\n\t\t\t\t\t\t\t<div class=\"elementor-testimonial-wrapper\">\n\t\t\t\t\t\t\t<div class=\"elementor-testimonial-content\">\u201eKedves, seg\u00edt\u0151k\u00e9sz csapat, rugalmas id\u0151pont-egyeztet\u00e9s. L\u00e1tszik, hogy profik.\u201d<\/div>\n\t\t\t\n\t\t\t\t\t\t<div class=\"elementor-testimonial-meta\">\n\t\t\t\t<div class=\"elementor-testimonial-meta-inner\">\n\t\t\t\t\t\n\t\t\t\t\t\t\t\t\t\t<div class=\"elementor-testimonial-details\">\n\t\t\t\t\t\t\t\t\t\t\t\t\t\t<div class=\"elementor-testimonial-name\">Varga Petra<\/div>\n\t\t\t\t\t\t\t\t\t\t\t\t\t\t\t\t\t\t\t<\/div>\n\t\t\t\t\t\t\t\t\t<\/div>\n\t\t\t<\/div>\n\t\t\t\t\t<\/div>\n\t\t\t\t\t\t<\/div>\n\t\t\t\t<\/div>\n\t\t\t\t<\/div>\n\t\t<div class=\"elementor-element elementor-element-112d9009 e-flex e-con-boxed e-con e-parent\" data-id=\"112d9009\" data-element_type=\"container\">\n\t\t\t\t\t<div class=\"e-con-inner\">\n\t\t\t\t<div class=\"elementor-element elementor-element-2c37b56b elementor-widget elementor-widget-heading\" data-id=\"2c37b56b\" data-element_type=\"widget\" data-widget_type=\"heading.default\">\n\t\t\t\t\t<h3 class=\"elementor-heading-title elementor-size-default\">K\u00e9rjen aj\u00e1nlatot!<\/h3>\t\t\t\t<\/div>\n\t\t\t\t<div class=\"elementor-element elementor-element-1dc05306 elementor-widget elementor-widget-text-editor\" data-id=\"1dc05306\" data-element_type=\"widget\" data-widget_type=\"text-editor.default\">\n\t\t\t\t\t\t\t\t\t<p>Vegye fel vel\u00fcnk a kapcsolatot r\u00f6vid \u0171rlapunk seg\u00edts\u00e9g\u00e9vel.<\/p>\t\t\t\t\t\t\t\t<\/div>\n\t\t\t\t<div class=\"elementor-element elementor-element-1cd0c430 elementor-align-center elementor-mobile-align-center elementor-widget elementor-widget-button\" data-id=\"1cd0c430\" data-element_type=\"widget\" data-widget_type=\"button.default\">\n\t\t\t\t\t\t\t\t\t\t<a class=\"elementor-button elementor-button-link elementor-size-sm\" href=\"https:\/\/cleanify.hu\/?page_id=8\">\n\t\t\t\t\t\t<span class=\"elementor-button-content-wrapper\">\n\t\t\t\t\t\t\t\t\t<span class=\"elementor-button-text\">Kapcsolat<\/span>\n\t\t\t\t\t<\/span>\n\t\t\t\t\t<\/a>\n\t\t\t\t\t\t\t\t<\/div>\n\t\t\t\t\t<\/div>\n\t\t\t\t<\/div>\n\t\t\t\t<\/div>\n\t\t","protected":false},"excerpt":{"rendered":"<p>Kik vagyunk? A Cleanify egy \u00fajonnan l\u00e9trej\u00f6tt kecskem\u00e9ti sz\u00e9khely\u0171 mobil takar\u00edt\u00f3c\u00e9g, amely a fiatalos \u00e9s lend\u00fcletes menedzsmentj\u00e9nek k\u00f6sz\u00f6nhet\u0151en a modernkori sz\u00ednvonalat \u00e9s k\u00e9nyelmet ny\u00fajtja m\u00e1r a takar\u00edt\u00f3 iparban is. Nemcsak a port, hanem a r\u00e9gi takar\u00edt\u00e1si sztereot\u00edpi\u00e1kat is elt\u00fcntetj\u00fck. Szenved\u00e9ly\u00fcnk a tisztas\u00e1g, k\u00fcldet\u00e9s\u00fcnk pedig, hogy \u00fcgyfeleink otthon\u00e1t \u00e9s munkahely\u00e9t ragyog\u00f3v\u00e1 var\u00e1zsoljuk \u2013 gyorsan, prec\u00edzen \u00e9s [&hellip;]<\/p>\n","protected":false},"author":1,"featured_media":0,"parent":0,"menu_order":0,"comment_status":"closed","ping_status":"closed","template":"elementor_header_footer","meta":{"footnotes":""},"class_list":["post-39","page","type-page","status-publish","hentry"],"_links":{"self":[{"href":"https:\/\/cleanify.hu\/index.php?rest_route=\/wp\/v2\/pages\/39","targetHints":{"allow":["GET"]}}],"collection":[{"href":"https:\/\/cleanify.hu\/index.php?rest_route=\/wp\/v2\/pages"}],"about":[{"href":"https:\/\/cleanify.hu\/index.php?rest_route=\/wp\/v2\/types\/page"}],"author":[{"embeddable":true,"href":"https:\/\/cleanify.hu\/index.php?rest_route=\/wp\/v2\/users\/1"}],"replies":[{"embeddable":true,"href":"https:\/\/cleanify.hu\/index.php?rest_route=%2Fwp%2Fv2%2Fcomments&post=39"}],"version-history":[{"count":118,"href":"https:\/\/cleanify.hu\/index.php?rest_route=\/wp\/v2\/pages\/39\/revisions"}],"predecessor-version":[{"id":255,"href":"https:\/\/cleanify.hu\/index.php?rest_route=\/wp\/v2\/pages\/39\/revisions\/255"}],"wp:attachment":[{"href":"https:\/\/cleanify.hu\/index.php?rest_route=%2Fwp%2Fv2%2Fmedia&parent=39"}],"curies":[{"name":"wp","href":"https:\/\/api.w.org\/{rel}","templated":true}]}}